{"id":30,"date":"2026-03-17T20:59:38","date_gmt":"2026-03-17T20:59:38","guid":{"rendered":"https:\/\/melodika.ca\/?post_type=product&#038;p=30"},"modified":"2026-03-25T17:09:52","modified_gmt":"2026-03-25T17:09:52","slug":"fender-stratocaster-guitar-canada","status":"publish","type":"product","link":"https:\/\/melodika.ca\/fr\/produit\/fender-stratocaster-guitar-canada\/","title":{"rendered":"Fender Stratocaster Electric Guitar"},"content":{"rendered":"<p>La guitare Fender Stratocaster Canada offre une exp\u00e9rience l\u00e9gendaire aux guitaristes d\u00e9butants comme aux professionnels. Elle propose une sonorit\u00e9 polyvalente, des aigus clairs et une puissance remarquable. Gr\u00e2ce \u00e0 son design embl\u00e9matique et \u00e0 son confort de jeu exceptionnel, elle est id\u00e9ale pour le rock, le blues et la pop.<\/p>","protected":false},"excerpt":{"rendered":"<p>Guitare \u00e9lectrique l\u00e9gendaire au son polyvalent, id\u00e9ale pour les d\u00e9butants comme pour les professionnels.<\/p>","protected":false},"featured_media":52,"comment_status":"open","ping_status":"closed","template":"","meta":{"site-sidebar-layout":"default","site-content-layout":"","ast-site-content-layout":"default","site-content-style":"default","site-sidebar-style":"default","ast-global-header-display":"","ast-banner-title-visibility":"","ast-main-header-display":"","ast-hfb-above-header-display":"","ast-hfb-below-header-display":"","ast-hfb-mobile-header-display":"","site-post-title":"","ast-breadcrumbs-content":"","ast-featured-img":"","footer-sml-layout":"","ast-disable-related-posts":"","theme-transparent-header-meta":"default","adv-header-id-meta":"","stick-header-meta":"","header-above-stick-meta":"","header-main-stick-meta":"","header-below-stick-meta":"","astra-migrate-meta-layouts":"set","ast-page-background-enabled":"default","ast-page-background-meta":{"desktop":{"background-color":"var(--ast-global-color-5)","background-image":"","background-repeat":"repeat","background-position":"center center","background-size":"auto","background-attachment":"scroll","background-type":"","background-media":"","overlay-type":"","overlay-color":"","overlay-opacity":"","overlay-gradient":""},"tablet":{"background-color":"","background-image":"","background-repeat":"repeat","background-position":"center center","background-size":"auto","background-attachment":"scroll","background-type":"","background-media":"","overlay-type":"","overlay-color":"","overlay-opacity":"","overlay-gradient":""},"mobile":{"background-color":"","background-image":"","background-repeat":"repeat","background-position":"center center","background-size":"auto","background-attachment":"scroll","background-type":"","background-media":"","overlay-type":"","overlay-color":"","overlay-opacity":"","overlay-gradient":""}},"ast-content-background-meta":{"desktop":{"background-color":"var(--ast-global-color-4)","background-image":"","background-repeat":"repeat","background-position":"center center","background-size":"auto","background-attachment":"scroll","background-type":"","background-media":"","overlay-type":"","overlay-color":"","overlay-opacity":"","overlay-gradient":""},"tablet":{"background-color":"var(--ast-global-color-4)","background-image":"","background-repeat":"repeat","background-position":"center center","background-size":"auto","background-attachment":"scroll","background-type":"","background-media":"","overlay-type":"","overlay-color":"","overlay-opacity":"","overlay-gradient":""},"mobile":{"background-color":"var(--ast-global-color-4)","background-image":"","background-repeat":"repeat","background-position":"center center","background-size":"auto","background-attachment":"scroll","background-type":"","background-media":"","overlay-type":"","overlay-color":"","overlay-opacity":"","overlay-gradient":""}}},"product_brand":[19],"product_cat":[18],"product_tag":[],"class_list":{"0":"post-30","1":"product","2":"type-product","3":"status-publish","4":"has-post-thumbnail","6":"product_brand-fender","7":"product_cat-guitars","8":"desktop-align-left","9":"tablet-align-left","10":"mobile-align-left","12":"first","13":"instock","14":"taxable","15":"shipping-taxable","16":"purchasable","17":"product-type-simple"},"yoast_head":"<!-- This site is optimized with the Yoast SEO plugin v27.3 - https:\/\/yoast.com\/product\/yoast-seo-wordpress\/ -->\n<title>Fender Stratocaster Guitar Canada - Buy Online - Melodika Music Store<\/title>\n<meta name=\"description\" content=\"Fender Stratocaster Guitar Canada - Buy online at Melodika Music Store - Fender Stratocaster Electric Guitar is a product found in our store at Melodika.\" \/>\n<meta name=\"robots\" content=\"index, follow, max-snippet:-1, max-image-preview:large, max-video-preview:-1\" \/>\n<link rel=\"canonical\" href=\"https:\/\/melodika.ca\/fr\/produit\/fender-stratocaster-guitar-canada\/\" \/>\n<meta property=\"og:locale\" content=\"fr_CA\" \/>\n<meta property=\"og:type\" content=\"article\" \/>\n<meta property=\"og:title\" content=\"Fender Stratocaster Guitar Canada - Buy Online - Melodika Music Store\" \/>\n<meta property=\"og:description\" content=\"Fender Stratocaster Guitar Canada - Buy online at Melodika Music Store - Fender Stratocaster Electric Guitar is a product found in our store at Melodika.\" \/>\n<meta property=\"og:url\" content=\"https:\/\/melodika.ca\/fr\/produit\/fender-stratocaster-guitar-canada\/\" \/>\n<meta property=\"og:site_name\" content=\"Melodika Music Store\" \/>\n<meta property=\"article:modified_time\" content=\"2026-03-25T17:09:52+00:00\" \/>\n<meta property=\"og:image\" content=\"https:\/\/melodika.ca\/wp-content\/uploads\/2026\/03\/fender-player-stratocaster-pf-3ts.jpg\" \/>\n\t<meta property=\"og:image:width\" content=\"1920\" \/>\n\t<meta property=\"og:image:height\" content=\"1920\" \/>\n\t<meta property=\"og:image:type\" content=\"image\/jpeg\" \/>\n<meta name=\"twitter:card\" content=\"summary_large_image\" \/>\n<meta name=\"twitter:label1\" content=\"Estimation du temps de lecture\" \/>\n\t<meta name=\"twitter:data1\" content=\"1 minute\" \/>\n<script type=\"application\/ld+json\" class=\"yoast-schema-graph\">{\"@context\":\"https:\\\/\\\/schema.org\",\"@graph\":[{\"@type\":[\"WebPage\",\"ItemPage\"],\"@id\":\"https:\\\/\\\/melodika.ca\\\/product\\\/fender-stratocaster-guitar-canada\\\/\",\"url\":\"https:\\\/\\\/melodika.ca\\\/product\\\/fender-stratocaster-guitar-canada\\\/\",\"name\":\"Fender Stratocaster Guitar Canada - Buy Online - Melodika Music Store\",\"isPartOf\":{\"@id\":\"https:\\\/\\\/melodika.ca\\\/#website\"},\"primaryImageOfPage\":{\"@id\":\"https:\\\/\\\/melodika.ca\\\/product\\\/fender-stratocaster-guitar-canada\\\/#primaryimage\"},\"image\":{\"@id\":\"https:\\\/\\\/melodika.ca\\\/product\\\/fender-stratocaster-guitar-canada\\\/#primaryimage\"},\"thumbnailUrl\":\"https:\\\/\\\/melodika.ca\\\/wp-content\\\/uploads\\\/2026\\\/03\\\/fender-player-stratocaster-pf-3ts.jpg\",\"datePublished\":\"2026-03-17T20:59:38+00:00\",\"dateModified\":\"2026-03-25T17:09:52+00:00\",\"description\":\"Fender Stratocaster Guitar Canada - Buy online at Melodika Music Store - Fender Stratocaster Electric Guitar is a product found in our store at Melodika.\",\"breadcrumb\":{\"@id\":\"https:\\\/\\\/melodika.ca\\\/product\\\/fender-stratocaster-guitar-canada\\\/#breadcrumb\"},\"inLanguage\":\"fr-CA\",\"potentialAction\":[{\"@type\":\"ReadAction\",\"target\":[\"https:\\\/\\\/melodika.ca\\\/product\\\/fender-stratocaster-guitar-canada\\\/\"]}]},{\"@type\":\"ImageObject\",\"inLanguage\":\"fr-CA\",\"@id\":\"https:\\\/\\\/melodika.ca\\\/product\\\/fender-stratocaster-guitar-canada\\\/#primaryimage\",\"url\":\"https:\\\/\\\/melodika.ca\\\/wp-content\\\/uploads\\\/2026\\\/03\\\/fender-player-stratocaster-pf-3ts.jpg\",\"contentUrl\":\"https:\\\/\\\/melodika.ca\\\/wp-content\\\/uploads\\\/2026\\\/03\\\/fender-player-stratocaster-pf-3ts.jpg\",\"width\":1920,\"height\":1920,\"caption\":\"Fender Stratocaster Guitar Canada\"},{\"@type\":\"BreadcrumbList\",\"@id\":\"https:\\\/\\\/melodika.ca\\\/product\\\/fender-stratocaster-guitar-canada\\\/#breadcrumb\",\"itemListElement\":[{\"@type\":\"ListItem\",\"position\":1,\"name\":\"Home\",\"item\":\"https:\\\/\\\/melodika.ca\\\/\"},{\"@type\":\"ListItem\",\"position\":2,\"name\":\"Shop\",\"item\":\"https:\\\/\\\/melodika.ca\\\/shop\\\/\"},{\"@type\":\"ListItem\",\"position\":3,\"name\":\"Fender Stratocaster Electric Guitar\"}]},{\"@type\":\"WebSite\",\"@id\":\"https:\\\/\\\/melodika.ca\\\/#website\",\"url\":\"https:\\\/\\\/melodika.ca\\\/\",\"name\":\"melodika\",\"description\":\"Just another WordPress site\",\"potentialAction\":[{\"@type\":\"SearchAction\",\"target\":{\"@type\":\"EntryPoint\",\"urlTemplate\":\"https:\\\/\\\/melodika.ca\\\/?s={search_term_string}\"},\"query-input\":{\"@type\":\"PropertyValueSpecification\",\"valueRequired\":true,\"valueName\":\"search_term_string\"}}],\"inLanguage\":\"fr-CA\"}]}<\/script>\n<!-- \/ Yoast SEO plugin. -->","yoast_head_json":{"title":"Fender Stratocaster Guitar Canada - Buy Online - Melodika Music Store","description":"Fender Stratocaster Guitar Canada - Buy online at Melodika Music Store - Fender Stratocaster Electric Guitar is a product found in our store at Melodika.","robots":{"index":"index","follow":"follow","max-snippet":"max-snippet:-1","max-image-preview":"max-image-preview:large","max-video-preview":"max-video-preview:-1"},"canonical":"https:\/\/melodika.ca\/fr\/produit\/fender-stratocaster-guitar-canada\/","og_locale":"fr_CA","og_type":"article","og_title":"Fender Stratocaster Guitar Canada - Buy Online - Melodika Music Store","og_description":"Fender Stratocaster Guitar Canada - Buy online at Melodika Music Store - Fender Stratocaster Electric Guitar is a product found in our store at Melodika.","og_url":"https:\/\/melodika.ca\/fr\/produit\/fender-stratocaster-guitar-canada\/","og_site_name":"Melodika Music Store","article_modified_time":"2026-03-25T17:09:52+00:00","og_image":[{"width":1920,"height":1920,"url":"https:\/\/melodika.ca\/wp-content\/uploads\/2026\/03\/fender-player-stratocaster-pf-3ts.jpg","type":"image\/jpeg"}],"twitter_card":"summary_large_image","twitter_misc":{"Estimation du temps de lecture":"1 minute"},"schema":{"@context":"https:\/\/schema.org","@graph":[{"@type":["WebPage","ItemPage"],"@id":"https:\/\/melodika.ca\/product\/fender-stratocaster-guitar-canada\/","url":"https:\/\/melodika.ca\/product\/fender-stratocaster-guitar-canada\/","name":"Fender Stratocaster Guitar Canada - Buy Online - Melodika Music Store","isPartOf":{"@id":"https:\/\/melodika.ca\/#website"},"primaryImageOfPage":{"@id":"https:\/\/melodika.ca\/product\/fender-stratocaster-guitar-canada\/#primaryimage"},"image":{"@id":"https:\/\/melodika.ca\/product\/fender-stratocaster-guitar-canada\/#primaryimage"},"thumbnailUrl":"https:\/\/melodika.ca\/wp-content\/uploads\/2026\/03\/fender-player-stratocaster-pf-3ts.jpg","datePublished":"2026-03-17T20:59:38+00:00","dateModified":"2026-03-25T17:09:52+00:00","description":"Fender Stratocaster Guitar Canada - Buy online at Melodika Music Store - Fender Stratocaster Electric Guitar is a product found in our store at Melodika.","breadcrumb":{"@id":"https:\/\/melodika.ca\/product\/fender-stratocaster-guitar-canada\/#breadcrumb"},"inLanguage":"fr-CA","potentialAction":[{"@type":"ReadAction","target":["https:\/\/melodika.ca\/product\/fender-stratocaster-guitar-canada\/"]}]},{"@type":"ImageObject","inLanguage":"fr-CA","@id":"https:\/\/melodika.ca\/product\/fender-stratocaster-guitar-canada\/#primaryimage","url":"https:\/\/melodika.ca\/wp-content\/uploads\/2026\/03\/fender-player-stratocaster-pf-3ts.jpg","contentUrl":"https:\/\/melodika.ca\/wp-content\/uploads\/2026\/03\/fender-player-stratocaster-pf-3ts.jpg","width":1920,"height":1920,"caption":"Fender Stratocaster Guitar Canada"},{"@type":"BreadcrumbList","@id":"https:\/\/melodika.ca\/product\/fender-stratocaster-guitar-canada\/#breadcrumb","itemListElement":[{"@type":"ListItem","position":1,"name":"Home","item":"https:\/\/melodika.ca\/"},{"@type":"ListItem","position":2,"name":"Shop","item":"https:\/\/melodika.ca\/shop\/"},{"@type":"ListItem","position":3,"name":"Fender Stratocaster Electric Guitar"}]},{"@type":"WebSite","@id":"https:\/\/melodika.ca\/#website","url":"https:\/\/melodika.ca\/","name":"melodika","description":"Just another WordPress site","potentialAction":[{"@type":"SearchAction","target":{"@type":"EntryPoint","urlTemplate":"https:\/\/melodika.ca\/?s={search_term_string}"},"query-input":{"@type":"PropertyValueSpecification","valueRequired":true,"valueName":"search_term_string"}}],"inLanguage":"fr-CA"}]}},"jetpack_sharing_enabled":true,"_links":{"self":[{"href":"https:\/\/melodika.ca\/fr\/wp-json\/wp\/v2\/product\/30","targetHints":{"allow":["GET"]}}],"collection":[{"href":"https:\/\/melodika.ca\/fr\/wp-json\/wp\/v2\/product"}],"about":[{"href":"https:\/\/melodika.ca\/fr\/wp-json\/wp\/v2\/types\/product"}],"replies":[{"embeddable":true,"href":"https:\/\/melodika.ca\/fr\/wp-json\/wp\/v2\/comments?post=30"}],"wp:featuredmedia":[{"embeddable":true,"href":"https:\/\/melodika.ca\/fr\/wp-json\/wp\/v2\/media\/52"}],"wp:attachment":[{"href":"https:\/\/melodika.ca\/fr\/wp-json\/wp\/v2\/media?parent=30"}],"wp:term":[{"taxonomy":"product_brand","embeddable":true,"href":"https:\/\/melodika.ca\/fr\/wp-json\/wp\/v2\/product_brand?post=30"},{"taxonomy":"product_cat","embeddable":true,"href":"https:\/\/melodika.ca\/fr\/wp-json\/wp\/v2\/product_cat?post=30"},{"taxonomy":"product_tag","embeddable":true,"href":"https:\/\/melodika.ca\/fr\/wp-json\/wp\/v2\/product_tag?post=30"}],"curies":[{"name":"wp","href":"https:\/\/api.w.org\/{rel}","templated":true}]}}