{"id":31,"date":"2026-03-17T20:59:38","date_gmt":"2026-03-17T20:59:38","guid":{"rendered":"https:\/\/melodika.ca\/?post_type=product&#038;p=31"},"modified":"2026-03-25T17:09:18","modified_gmt":"2026-03-25T17:09:18","slug":"yamaha-digital-piano-canada","status":"publish","type":"product","link":"https:\/\/melodika.ca\/fr\/produit\/yamaha-digital-piano-canada\/","title":{"rendered":"Yamaha Digital Piano P-45"},"content":{"rendered":"<ul>\n<li>Yamaha Digital Piano Canada propose un instrument fiable et facile \u00e0 prendre en main pour les d\u00e9butants, id\u00e9al pour apprendre et s'exercer. Le Yamaha P-45 offre un toucher r\u00e9aliste et un son clair et de haute qualit\u00e9. Gr\u00e2ce \u00e0 sa simplicit\u00e9 et \u00e0 ses performances constantes, ce piano num\u00e9rique est appr\u00e9ci\u00e9 des musiciens pour la pratique \u00e0 domicile, les cours et les petits concerts.<\/li>\n<\/ul>","protected":false},"excerpt":{"rendered":"<p>Yamaha Digital Piano Canada offers a reliable and beginner-friendly instrument for learning and practice. The Yamaha P-45 delivers realistic key [&hellip;]<\/p>\n","protected":false},"featured_media":51,"comment_status":"open","ping_status":"closed","template":"","meta":{"site-sidebar-layout":"default","site-content-layout":"","ast-site-content-layout":"default","site-content-style":"default","site-sidebar-style":"default","ast-global-header-display":"","ast-banner-title-visibility":"","ast-main-header-display":"","ast-hfb-above-header-display":"","ast-hfb-below-header-display":"","ast-hfb-mobile-header-display":"","site-post-title":"","ast-breadcrumbs-content":"","ast-featured-img":"","footer-sml-layout":"","ast-disable-related-posts":"","theme-transparent-header-meta":"default","adv-header-id-meta":"","stick-header-meta":"","header-above-stick-meta":"","header-main-stick-meta":"","header-below-stick-meta":"","astra-migrate-meta-layouts":"set","ast-page-background-enabled":"default","ast-page-background-meta":{"desktop":{"background-color":"var(--ast-global-color-5)","background-image":"","background-repeat":"repeat","background-position":"center center","background-size":"auto","background-attachment":"scroll","background-type":"","background-media":"","overlay-type":"","overlay-color":"","overlay-opacity":"","overlay-gradient":""},"tablet":{"background-color":"","background-image":"","background-repeat":"repeat","background-position":"center center","background-size":"auto","background-attachment":"scroll","background-type":"","background-media":"","overlay-type":"","overlay-color":"","overlay-opacity":"","overlay-gradient":""},"mobile":{"background-color":"","background-image":"","background-repeat":"repeat","background-position":"center center","background-size":"auto","background-attachment":"scroll","background-type":"","background-media":"","overlay-type":"","overlay-color":"","overlay-opacity":"","overlay-gradient":""}},"ast-content-background-meta":{"desktop":{"background-color":"var(--ast-global-color-4)","background-image":"","background-repeat":"repeat","background-position":"center center","background-size":"auto","background-attachment":"scroll","background-type":"","background-media":"","overlay-type":"","overlay-color":"","overlay-opacity":"","overlay-gradient":""},"tablet":{"background-color":"var(--ast-global-color-4)","background-image":"","background-repeat":"repeat","background-position":"center center","background-size":"auto","background-attachment":"scroll","background-type":"","background-media":"","overlay-type":"","overlay-color":"","overlay-opacity":"","overlay-gradient":""},"mobile":{"background-color":"var(--ast-global-color-4)","background-image":"","background-repeat":"repeat","background-position":"center center","background-size":"auto","background-attachment":"scroll","background-type":"","background-media":"","overlay-type":"","overlay-color":"","overlay-opacity":"","overlay-gradient":""}}},"product_brand":[21],"product_cat":[20],"product_tag":[],"class_list":{"0":"post-31","1":"product","2":"type-product","3":"status-publish","4":"has-post-thumbnail","6":"product_brand-yamaha","7":"product_cat-keyboards-pianos","8":"desktop-align-left","9":"tablet-align-left","10":"mobile-align-left","12":"first","13":"instock","14":"taxable","15":"shipping-taxable","16":"purchasable","17":"product-type-simple"},"yoast_head":"<!-- This site is optimized with the Yoast SEO plugin v27.3 - https:\/\/yoast.com\/product\/yoast-seo-wordpress\/ -->\n<title>Yamaha Digital Piano Canada - Buy Online - Melodika Music Store<\/title>\n<meta name=\"description\" content=\"Yamaha Digital Piano Canada- Buy online at Melodika Music Store - Yamaha Digital Piano P-45 is a product found in our store at Melodika Music Store. Buy Now\" \/>\n<meta name=\"robots\" content=\"index, follow, max-snippet:-1, max-image-preview:large, max-video-preview:-1\" \/>\n<link rel=\"canonical\" href=\"https:\/\/melodika.ca\/fr\/produit\/yamaha-digital-piano-canada\/\" \/>\n<meta property=\"og:locale\" content=\"fr_CA\" \/>\n<meta property=\"og:type\" content=\"article\" \/>\n<meta property=\"og:title\" content=\"Yamaha Digital Piano Canada - Buy Online - Melodika Music Store\" \/>\n<meta property=\"og:description\" content=\"Yamaha Digital Piano Canada- Buy online at Melodika Music Store - Yamaha Digital Piano P-45 is a product found in our store at Melodika Music Store. Buy Now\" \/>\n<meta property=\"og:url\" content=\"https:\/\/melodika.ca\/fr\/produit\/yamaha-digital-piano-canada\/\" \/>\n<meta property=\"og:site_name\" content=\"Melodika Music Store\" \/>\n<meta property=\"article:modified_time\" content=\"2026-03-25T17:09:18+00:00\" \/>\n<meta property=\"og:image\" content=\"https:\/\/melodika.ca\/wp-content\/uploads\/2026\/03\/YamahaPiano-scaled.jpg\" \/>\n\t<meta property=\"og:image:width\" content=\"2560\" \/>\n\t<meta property=\"og:image:height\" content=\"1946\" \/>\n\t<meta property=\"og:image:type\" content=\"image\/jpeg\" \/>\n<meta name=\"twitter:card\" content=\"summary_large_image\" \/>\n<meta name=\"twitter:label1\" content=\"Estimation du temps de lecture\" \/>\n\t<meta name=\"twitter:data1\" content=\"1 minute\" \/>\n<script type=\"application\/ld+json\" class=\"yoast-schema-graph\">{\"@context\":\"https:\\\/\\\/schema.org\",\"@graph\":[{\"@type\":[\"WebPage\",\"ItemPage\"],\"@id\":\"https:\\\/\\\/melodika.ca\\\/product\\\/yamaha-digital-piano-canada\\\/\",\"url\":\"https:\\\/\\\/melodika.ca\\\/product\\\/yamaha-digital-piano-canada\\\/\",\"name\":\"Yamaha Digital Piano Canada - Buy Online - Melodika Music Store\",\"isPartOf\":{\"@id\":\"https:\\\/\\\/melodika.ca\\\/#website\"},\"primaryImageOfPage\":{\"@id\":\"https:\\\/\\\/melodika.ca\\\/product\\\/yamaha-digital-piano-canada\\\/#primaryimage\"},\"image\":{\"@id\":\"https:\\\/\\\/melodika.ca\\\/product\\\/yamaha-digital-piano-canada\\\/#primaryimage\"},\"thumbnailUrl\":\"https:\\\/\\\/melodika.ca\\\/wp-content\\\/uploads\\\/2026\\\/03\\\/YamahaPiano-scaled.jpg\",\"datePublished\":\"2026-03-17T20:59:38+00:00\",\"dateModified\":\"2026-03-25T17:09:18+00:00\",\"description\":\"Yamaha Digital Piano Canada- Buy online at Melodika Music Store - Yamaha Digital Piano P-45 is a product found in our store at Melodika Music Store. Buy Now\",\"breadcrumb\":{\"@id\":\"https:\\\/\\\/melodika.ca\\\/product\\\/yamaha-digital-piano-canada\\\/#breadcrumb\"},\"inLanguage\":\"fr-CA\",\"potentialAction\":[{\"@type\":\"ReadAction\",\"target\":[\"https:\\\/\\\/melodika.ca\\\/product\\\/yamaha-digital-piano-canada\\\/\"]}]},{\"@type\":\"ImageObject\",\"inLanguage\":\"fr-CA\",\"@id\":\"https:\\\/\\\/melodika.ca\\\/product\\\/yamaha-digital-piano-canada\\\/#primaryimage\",\"url\":\"https:\\\/\\\/melodika.ca\\\/wp-content\\\/uploads\\\/2026\\\/03\\\/YamahaPiano-scaled.jpg\",\"contentUrl\":\"https:\\\/\\\/melodika.ca\\\/wp-content\\\/uploads\\\/2026\\\/03\\\/YamahaPiano-scaled.jpg\",\"width\":2560,\"height\":1946,\"caption\":\"Yamaha Digital Piano Canada\"},{\"@type\":\"BreadcrumbList\",\"@id\":\"https:\\\/\\\/melodika.ca\\\/product\\\/yamaha-digital-piano-canada\\\/#breadcrumb\",\"itemListElement\":[{\"@type\":\"ListItem\",\"position\":1,\"name\":\"Home\",\"item\":\"https:\\\/\\\/melodika.ca\\\/\"},{\"@type\":\"ListItem\",\"position\":2,\"name\":\"Shop\",\"item\":\"https:\\\/\\\/melodika.ca\\\/shop\\\/\"},{\"@type\":\"ListItem\",\"position\":3,\"name\":\"Yamaha Digital Piano P-45\"}]},{\"@type\":\"WebSite\",\"@id\":\"https:\\\/\\\/melodika.ca\\\/#website\",\"url\":\"https:\\\/\\\/melodika.ca\\\/\",\"name\":\"melodika\",\"description\":\"Just another WordPress site\",\"potentialAction\":[{\"@type\":\"SearchAction\",\"target\":{\"@type\":\"EntryPoint\",\"urlTemplate\":\"https:\\\/\\\/melodika.ca\\\/?s={search_term_string}\"},\"query-input\":{\"@type\":\"PropertyValueSpecification\",\"valueRequired\":true,\"valueName\":\"search_term_string\"}}],\"inLanguage\":\"fr-CA\"}]}<\/script>\n<!-- \/ Yoast SEO plugin. -->","yoast_head_json":{"title":"Yamaha Digital Piano Canada - Buy Online - Melodika Music Store","description":"Yamaha Digital Piano Canada- Buy online at Melodika Music Store - Yamaha Digital Piano P-45 is a product found in our store at Melodika Music Store. Buy Now","robots":{"index":"index","follow":"follow","max-snippet":"max-snippet:-1","max-image-preview":"max-image-preview:large","max-video-preview":"max-video-preview:-1"},"canonical":"https:\/\/melodika.ca\/fr\/produit\/yamaha-digital-piano-canada\/","og_locale":"fr_CA","og_type":"article","og_title":"Yamaha Digital Piano Canada - Buy Online - Melodika Music Store","og_description":"Yamaha Digital Piano Canada- Buy online at Melodika Music Store - Yamaha Digital Piano P-45 is a product found in our store at Melodika Music Store. Buy Now","og_url":"https:\/\/melodika.ca\/fr\/produit\/yamaha-digital-piano-canada\/","og_site_name":"Melodika Music Store","article_modified_time":"2026-03-25T17:09:18+00:00","og_image":[{"width":2560,"height":1946,"url":"https:\/\/melodika.ca\/wp-content\/uploads\/2026\/03\/YamahaPiano-scaled.jpg","type":"image\/jpeg"}],"twitter_card":"summary_large_image","twitter_misc":{"Estimation du temps de lecture":"1 minute"},"schema":{"@context":"https:\/\/schema.org","@graph":[{"@type":["WebPage","ItemPage"],"@id":"https:\/\/melodika.ca\/product\/yamaha-digital-piano-canada\/","url":"https:\/\/melodika.ca\/product\/yamaha-digital-piano-canada\/","name":"Yamaha Digital Piano Canada - Buy Online - Melodika Music Store","isPartOf":{"@id":"https:\/\/melodika.ca\/#website"},"primaryImageOfPage":{"@id":"https:\/\/melodika.ca\/product\/yamaha-digital-piano-canada\/#primaryimage"},"image":{"@id":"https:\/\/melodika.ca\/product\/yamaha-digital-piano-canada\/#primaryimage"},"thumbnailUrl":"https:\/\/melodika.ca\/wp-content\/uploads\/2026\/03\/YamahaPiano-scaled.jpg","datePublished":"2026-03-17T20:59:38+00:00","dateModified":"2026-03-25T17:09:18+00:00","description":"Yamaha Digital Piano Canada- Buy online at Melodika Music Store - Yamaha Digital Piano P-45 is a product found in our store at Melodika Music Store. Buy Now","breadcrumb":{"@id":"https:\/\/melodika.ca\/product\/yamaha-digital-piano-canada\/#breadcrumb"},"inLanguage":"fr-CA","potentialAction":[{"@type":"ReadAction","target":["https:\/\/melodika.ca\/product\/yamaha-digital-piano-canada\/"]}]},{"@type":"ImageObject","inLanguage":"fr-CA","@id":"https:\/\/melodika.ca\/product\/yamaha-digital-piano-canada\/#primaryimage","url":"https:\/\/melodika.ca\/wp-content\/uploads\/2026\/03\/YamahaPiano-scaled.jpg","contentUrl":"https:\/\/melodika.ca\/wp-content\/uploads\/2026\/03\/YamahaPiano-scaled.jpg","width":2560,"height":1946,"caption":"Yamaha Digital Piano Canada"},{"@type":"BreadcrumbList","@id":"https:\/\/melodika.ca\/product\/yamaha-digital-piano-canada\/#breadcrumb","itemListElement":[{"@type":"ListItem","position":1,"name":"Home","item":"https:\/\/melodika.ca\/"},{"@type":"ListItem","position":2,"name":"Shop","item":"https:\/\/melodika.ca\/shop\/"},{"@type":"ListItem","position":3,"name":"Yamaha Digital Piano P-45"}]},{"@type":"WebSite","@id":"https:\/\/melodika.ca\/#website","url":"https:\/\/melodika.ca\/","name":"melodika","description":"Just another WordPress site","potentialAction":[{"@type":"SearchAction","target":{"@type":"EntryPoint","urlTemplate":"https:\/\/melodika.ca\/?s={search_term_string}"},"query-input":{"@type":"PropertyValueSpecification","valueRequired":true,"valueName":"search_term_string"}}],"inLanguage":"fr-CA"}]}},"jetpack_sharing_enabled":true,"_links":{"self":[{"href":"https:\/\/melodika.ca\/fr\/wp-json\/wp\/v2\/product\/31","targetHints":{"allow":["GET"]}}],"collection":[{"href":"https:\/\/melodika.ca\/fr\/wp-json\/wp\/v2\/product"}],"about":[{"href":"https:\/\/melodika.ca\/fr\/wp-json\/wp\/v2\/types\/product"}],"replies":[{"embeddable":true,"href":"https:\/\/melodika.ca\/fr\/wp-json\/wp\/v2\/comments?post=31"}],"wp:featuredmedia":[{"embeddable":true,"href":"https:\/\/melodika.ca\/fr\/wp-json\/wp\/v2\/media\/51"}],"wp:attachment":[{"href":"https:\/\/melodika.ca\/fr\/wp-json\/wp\/v2\/media?parent=31"}],"wp:term":[{"taxonomy":"product_brand","embeddable":true,"href":"https:\/\/melodika.ca\/fr\/wp-json\/wp\/v2\/product_brand?post=31"},{"taxonomy":"product_cat","embeddable":true,"href":"https:\/\/melodika.ca\/fr\/wp-json\/wp\/v2\/product_cat?post=31"},{"taxonomy":"product_tag","embeddable":true,"href":"https:\/\/melodika.ca\/fr\/wp-json\/wp\/v2\/product_tag?post=31"}],"curies":[{"name":"wp","href":"https:\/\/api.w.org\/{rel}","templated":true}]}}