{"id":34,"date":"2026-03-17T20:59:38","date_gmt":"2026-03-17T20:59:38","guid":{"rendered":"https:\/\/melodika.ca\/?post_type=product&#038;p=34"},"modified":"2026-03-25T17:07:38","modified_gmt":"2026-03-25T17:07:38","slug":"roland-digital-piano-canada","status":"publish","type":"product","link":"https:\/\/melodika.ca\/fr\/produit\/roland-digital-piano-canada\/","title":{"rendered":"Roland FP-30X Digital Piano"},"content":{"rendered":"<p>Roland Digital Piano Canada offre une exp\u00e9rience de jeu r\u00e9aliste aux musiciens d\u00e9butants comme confirm\u00e9s. Le Roland FP-30X se distingue par son clavier r\u00e9actif et ses \u00e9chantillons sonores de haute qualit\u00e9. Gr\u00e2ce \u00e0 sa polyvalence et \u00e0 sa fiabilit\u00e9, ce piano num\u00e9rique est id\u00e9al pour s'entra\u00eener \u00e0 la maison, enregistrer et jouer en direct.<\/p>","protected":false},"excerpt":{"rendered":"<p>Roland Digital Piano Canada delivers a realistic playing experience for beginners and experienced musicians. The Roland FP-30X features responsive key [&hellip;]<\/p>\n","protected":false},"featured_media":45,"comment_status":"open","ping_status":"closed","template":"","meta":{"site-sidebar-layout":"default","site-content-layout":"","ast-site-content-layout":"default","site-content-style":"default","site-sidebar-style":"default","ast-global-header-display":"","ast-banner-title-visibility":"","ast-main-header-display":"","ast-hfb-above-header-display":"","ast-hfb-below-header-display":"","ast-hfb-mobile-header-display":"","site-post-title":"","ast-breadcrumbs-content":"","ast-featured-img":"","footer-sml-layout":"","ast-disable-related-posts":"","theme-transparent-header-meta":"default","adv-header-id-meta":"","stick-header-meta":"","header-above-stick-meta":"","header-main-stick-meta":"","header-below-stick-meta":"","astra-migrate-meta-layouts":"set","ast-page-background-enabled":"default","ast-page-background-meta":{"desktop":{"background-color":"var(--ast-global-color-5)","background-image":"","background-repeat":"repeat","background-position":"center center","background-size":"auto","background-attachment":"scroll","background-type":"","background-media":"","overlay-type":"","overlay-color":"","overlay-opacity":"","overlay-gradient":""},"tablet":{"background-color":"","background-image":"","background-repeat":"repeat","background-position":"center center","background-size":"auto","background-attachment":"scroll","background-type":"","background-media":"","overlay-type":"","overlay-color":"","overlay-opacity":"","overlay-gradient":""},"mobile":{"background-color":"","background-image":"","background-repeat":"repeat","background-position":"center center","background-size":"auto","background-attachment":"scroll","background-type":"","background-media":"","overlay-type":"","overlay-color":"","overlay-opacity":"","overlay-gradient":""}},"ast-content-background-meta":{"desktop":{"background-color":"var(--ast-global-color-4)","background-image":"","background-repeat":"repeat","background-position":"center center","background-size":"auto","background-attachment":"scroll","background-type":"","background-media":"","overlay-type":"","overlay-color":"","overlay-opacity":"","overlay-gradient":""},"tablet":{"background-color":"var(--ast-global-color-4)","background-image":"","background-repeat":"repeat","background-position":"center center","background-size":"auto","background-attachment":"scroll","background-type":"","background-media":"","overlay-type":"","overlay-color":"","overlay-opacity":"","overlay-gradient":""},"mobile":{"background-color":"var(--ast-global-color-4)","background-image":"","background-repeat":"repeat","background-position":"center center","background-size":"auto","background-attachment":"scroll","background-type":"","background-media":"","overlay-type":"","overlay-color":"","overlay-opacity":"","overlay-gradient":""}}},"product_brand":[23],"product_cat":[20],"product_tag":[],"class_list":{"0":"post-34","1":"product","2":"type-product","3":"status-publish","4":"has-post-thumbnail","6":"product_brand-others","7":"product_cat-keyboards-pianos","8":"desktop-align-left","9":"tablet-align-left","10":"mobile-align-left","12":"first","13":"instock","14":"taxable","15":"shipping-taxable","16":"purchasable","17":"product-type-simple"},"yoast_head":"<!-- This site is optimized with the Yoast SEO plugin v27.3 - https:\/\/yoast.com\/product\/yoast-seo-wordpress\/ -->\n<title>Roland Digital Piano Canada - Buy Online - Melodika Music Store<\/title>\n<meta name=\"description\" content=\"Roland Digital Piano Canada - Buy online at Melodika Music Store - Roland FP-30X Digital Piano is a product found in our store at Melodika Music Store.\" \/>\n<meta name=\"robots\" content=\"index, follow, max-snippet:-1, max-image-preview:large, max-video-preview:-1\" \/>\n<link rel=\"canonical\" href=\"https:\/\/melodika.ca\/fr\/produit\/roland-digital-piano-canada\/\" \/>\n<meta property=\"og:locale\" content=\"fr_CA\" \/>\n<meta property=\"og:type\" content=\"article\" \/>\n<meta property=\"og:title\" content=\"Roland Digital Piano Canada - Buy Online - Melodika Music Store\" \/>\n<meta property=\"og:description\" content=\"Roland Digital Piano Canada - Buy online at Melodika Music Store - Roland FP-30X Digital Piano is a product found in our store at Melodika Music Store.\" \/>\n<meta property=\"og:url\" content=\"https:\/\/melodika.ca\/fr\/produit\/roland-digital-piano-canada\/\" \/>\n<meta property=\"og:site_name\" content=\"Melodika Music Store\" \/>\n<meta property=\"article:modified_time\" content=\"2026-03-25T17:07:38+00:00\" \/>\n<meta property=\"og:image\" content=\"https:\/\/melodika.ca\/wp-content\/uploads\/2026\/03\/roland-piano.jpg\" \/>\n\t<meta property=\"og:image:width\" content=\"1680\" \/>\n\t<meta property=\"og:image:height\" content=\"842\" \/>\n\t<meta property=\"og:image:type\" content=\"image\/jpeg\" \/>\n<meta name=\"twitter:card\" content=\"summary_large_image\" \/>\n<meta name=\"twitter:label1\" content=\"Estimation du temps de lecture\" \/>\n\t<meta name=\"twitter:data1\" content=\"1 minute\" \/>\n<script type=\"application\/ld+json\" class=\"yoast-schema-graph\">{\"@context\":\"https:\\\/\\\/schema.org\",\"@graph\":[{\"@type\":[\"WebPage\",\"ItemPage\"],\"@id\":\"https:\\\/\\\/melodika.ca\\\/product\\\/roland-digital-piano-canada\\\/\",\"url\":\"https:\\\/\\\/melodika.ca\\\/product\\\/roland-digital-piano-canada\\\/\",\"name\":\"Roland Digital Piano Canada - Buy Online - Melodika Music Store\",\"isPartOf\":{\"@id\":\"https:\\\/\\\/melodika.ca\\\/#website\"},\"primaryImageOfPage\":{\"@id\":\"https:\\\/\\\/melodika.ca\\\/product\\\/roland-digital-piano-canada\\\/#primaryimage\"},\"image\":{\"@id\":\"https:\\\/\\\/melodika.ca\\\/product\\\/roland-digital-piano-canada\\\/#primaryimage\"},\"thumbnailUrl\":\"https:\\\/\\\/melodika.ca\\\/wp-content\\\/uploads\\\/2026\\\/03\\\/roland-piano.jpg\",\"datePublished\":\"2026-03-17T20:59:38+00:00\",\"dateModified\":\"2026-03-25T17:07:38+00:00\",\"description\":\"Roland Digital Piano Canada - Buy online at Melodika Music Store - Roland FP-30X Digital Piano is a product found in our store at Melodika Music Store.\",\"breadcrumb\":{\"@id\":\"https:\\\/\\\/melodika.ca\\\/product\\\/roland-digital-piano-canada\\\/#breadcrumb\"},\"inLanguage\":\"fr-CA\",\"potentialAction\":[{\"@type\":\"ReadAction\",\"target\":[\"https:\\\/\\\/melodika.ca\\\/product\\\/roland-digital-piano-canada\\\/\"]}]},{\"@type\":\"ImageObject\",\"inLanguage\":\"fr-CA\",\"@id\":\"https:\\\/\\\/melodika.ca\\\/product\\\/roland-digital-piano-canada\\\/#primaryimage\",\"url\":\"https:\\\/\\\/melodika.ca\\\/wp-content\\\/uploads\\\/2026\\\/03\\\/roland-piano.jpg\",\"contentUrl\":\"https:\\\/\\\/melodika.ca\\\/wp-content\\\/uploads\\\/2026\\\/03\\\/roland-piano.jpg\",\"width\":1680,\"height\":842,\"caption\":\"Roland Digital Piano Canada\"},{\"@type\":\"BreadcrumbList\",\"@id\":\"https:\\\/\\\/melodika.ca\\\/product\\\/roland-digital-piano-canada\\\/#breadcrumb\",\"itemListElement\":[{\"@type\":\"ListItem\",\"position\":1,\"name\":\"Home\",\"item\":\"https:\\\/\\\/melodika.ca\\\/\"},{\"@type\":\"ListItem\",\"position\":2,\"name\":\"Shop\",\"item\":\"https:\\\/\\\/melodika.ca\\\/shop\\\/\"},{\"@type\":\"ListItem\",\"position\":3,\"name\":\"Roland FP-30X Digital Piano\"}]},{\"@type\":\"WebSite\",\"@id\":\"https:\\\/\\\/melodika.ca\\\/#website\",\"url\":\"https:\\\/\\\/melodika.ca\\\/\",\"name\":\"melodika\",\"description\":\"Just another WordPress site\",\"potentialAction\":[{\"@type\":\"SearchAction\",\"target\":{\"@type\":\"EntryPoint\",\"urlTemplate\":\"https:\\\/\\\/melodika.ca\\\/?s={search_term_string}\"},\"query-input\":{\"@type\":\"PropertyValueSpecification\",\"valueRequired\":true,\"valueName\":\"search_term_string\"}}],\"inLanguage\":\"fr-CA\"}]}<\/script>\n<!-- \/ Yoast SEO plugin. -->","yoast_head_json":{"title":"Roland Digital Piano Canada - Buy Online - Melodika Music Store","description":"Roland Digital Piano Canada - Buy online at Melodika Music Store - Roland FP-30X Digital Piano is a product found in our store at Melodika Music Store.","robots":{"index":"index","follow":"follow","max-snippet":"max-snippet:-1","max-image-preview":"max-image-preview:large","max-video-preview":"max-video-preview:-1"},"canonical":"https:\/\/melodika.ca\/fr\/produit\/roland-digital-piano-canada\/","og_locale":"fr_CA","og_type":"article","og_title":"Roland Digital Piano Canada - Buy Online - Melodika Music Store","og_description":"Roland Digital Piano Canada - Buy online at Melodika Music Store - Roland FP-30X Digital Piano is a product found in our store at Melodika Music Store.","og_url":"https:\/\/melodika.ca\/fr\/produit\/roland-digital-piano-canada\/","og_site_name":"Melodika Music Store","article_modified_time":"2026-03-25T17:07:38+00:00","og_image":[{"width":1680,"height":842,"url":"https:\/\/melodika.ca\/wp-content\/uploads\/2026\/03\/roland-piano.jpg","type":"image\/jpeg"}],"twitter_card":"summary_large_image","twitter_misc":{"Estimation du temps de lecture":"1 minute"},"schema":{"@context":"https:\/\/schema.org","@graph":[{"@type":["WebPage","ItemPage"],"@id":"https:\/\/melodika.ca\/product\/roland-digital-piano-canada\/","url":"https:\/\/melodika.ca\/product\/roland-digital-piano-canada\/","name":"Roland Digital Piano Canada - Buy Online - Melodika Music Store","isPartOf":{"@id":"https:\/\/melodika.ca\/#website"},"primaryImageOfPage":{"@id":"https:\/\/melodika.ca\/product\/roland-digital-piano-canada\/#primaryimage"},"image":{"@id":"https:\/\/melodika.ca\/product\/roland-digital-piano-canada\/#primaryimage"},"thumbnailUrl":"https:\/\/melodika.ca\/wp-content\/uploads\/2026\/03\/roland-piano.jpg","datePublished":"2026-03-17T20:59:38+00:00","dateModified":"2026-03-25T17:07:38+00:00","description":"Roland Digital Piano Canada - Buy online at Melodika Music Store - Roland FP-30X Digital Piano is a product found in our store at Melodika Music Store.","breadcrumb":{"@id":"https:\/\/melodika.ca\/product\/roland-digital-piano-canada\/#breadcrumb"},"inLanguage":"fr-CA","potentialAction":[{"@type":"ReadAction","target":["https:\/\/melodika.ca\/product\/roland-digital-piano-canada\/"]}]},{"@type":"ImageObject","inLanguage":"fr-CA","@id":"https:\/\/melodika.ca\/product\/roland-digital-piano-canada\/#primaryimage","url":"https:\/\/melodika.ca\/wp-content\/uploads\/2026\/03\/roland-piano.jpg","contentUrl":"https:\/\/melodika.ca\/wp-content\/uploads\/2026\/03\/roland-piano.jpg","width":1680,"height":842,"caption":"Roland Digital Piano Canada"},{"@type":"BreadcrumbList","@id":"https:\/\/melodika.ca\/product\/roland-digital-piano-canada\/#breadcrumb","itemListElement":[{"@type":"ListItem","position":1,"name":"Home","item":"https:\/\/melodika.ca\/"},{"@type":"ListItem","position":2,"name":"Shop","item":"https:\/\/melodika.ca\/shop\/"},{"@type":"ListItem","position":3,"name":"Roland FP-30X Digital Piano"}]},{"@type":"WebSite","@id":"https:\/\/melodika.ca\/#website","url":"https:\/\/melodika.ca\/","name":"melodika","description":"Just another WordPress site","potentialAction":[{"@type":"SearchAction","target":{"@type":"EntryPoint","urlTemplate":"https:\/\/melodika.ca\/?s={search_term_string}"},"query-input":{"@type":"PropertyValueSpecification","valueRequired":true,"valueName":"search_term_string"}}],"inLanguage":"fr-CA"}]}},"jetpack_sharing_enabled":true,"_links":{"self":[{"href":"https:\/\/melodika.ca\/fr\/wp-json\/wp\/v2\/product\/34","targetHints":{"allow":["GET"]}}],"collection":[{"href":"https:\/\/melodika.ca\/fr\/wp-json\/wp\/v2\/product"}],"about":[{"href":"https:\/\/melodika.ca\/fr\/wp-json\/wp\/v2\/types\/product"}],"replies":[{"embeddable":true,"href":"https:\/\/melodika.ca\/fr\/wp-json\/wp\/v2\/comments?post=34"}],"wp:featuredmedia":[{"embeddable":true,"href":"https:\/\/melodika.ca\/fr\/wp-json\/wp\/v2\/media\/45"}],"wp:attachment":[{"href":"https:\/\/melodika.ca\/fr\/wp-json\/wp\/v2\/media?parent=34"}],"wp:term":[{"taxonomy":"product_brand","embeddable":true,"href":"https:\/\/melodika.ca\/fr\/wp-json\/wp\/v2\/product_brand?post=34"},{"taxonomy":"product_cat","embeddable":true,"href":"https:\/\/melodika.ca\/fr\/wp-json\/wp\/v2\/product_cat?post=34"},{"taxonomy":"product_tag","embeddable":true,"href":"https:\/\/melodika.ca\/fr\/wp-json\/wp\/v2\/product_tag?post=34"}],"curies":[{"name":"wp","href":"https:\/\/api.w.org\/{rel}","templated":true}]}}