{"id":36,"date":"2026-03-17T20:59:39","date_gmt":"2026-03-17T20:59:39","guid":{"rendered":"https:\/\/melodika.ca\/?post_type=product&#038;p=36"},"modified":"2026-03-25T17:06:30","modified_gmt":"2026-03-25T17:06:30","slug":"pearl-drum-kit-canada","status":"publish","type":"product","link":"https:\/\/melodika.ca\/fr\/produit\/pearl-drum-kit-canada\/","title":{"rendered":"Pearl Export Series Drum Kit"},"content":{"rendered":"<p>Pearl Drum Kit Canada propose une batterie acoustique polyvalente, id\u00e9ale pour les d\u00e9butants et les batteurs semi-professionnels. La s\u00e9rie Pearl Export offre un son riche, une grande robustesse et un confort de jeu optimal. Les musiciens utilisent cette batterie avec assurance et ma\u00eetrise pour s'entra\u00eener, enregistrer et jouer en concert.<\/p>","protected":false},"excerpt":{"rendered":"<p>Pearl Drum Kit Canada offers a versatile acoustic drum set for beginners and semi-professional drummers. The Pearl Export series delivers [&hellip;]<\/p>\n","protected":false},"featured_media":57,"comment_status":"open","ping_status":"closed","template":"","meta":{"site-sidebar-layout":"default","site-content-layout":"","ast-site-content-layout":"default","site-content-style":"default","site-sidebar-style":"default","ast-global-header-display":"","ast-banner-title-visibility":"","ast-main-header-display":"","ast-hfb-above-header-display":"","ast-hfb-below-header-display":"","ast-hfb-mobile-header-display":"","site-post-title":"","ast-breadcrumbs-content":"","ast-featured-img":"","footer-sml-layout":"","ast-disable-related-posts":"","theme-transparent-header-meta":"default","adv-header-id-meta":"","stick-header-meta":"","header-above-stick-meta":"","header-main-stick-meta":"","header-below-stick-meta":"","astra-migrate-meta-layouts":"set","ast-page-background-enabled":"default","ast-page-background-meta":{"desktop":{"background-color":"var(--ast-global-color-5)","background-image":"","background-repeat":"repeat","background-position":"center center","background-size":"auto","background-attachment":"scroll","background-type":"","background-media":"","overlay-type":"","overlay-color":"","overlay-opacity":"","overlay-gradient":""},"tablet":{"background-color":"","background-image":"","background-repeat":"repeat","background-position":"center center","background-size":"auto","background-attachment":"scroll","background-type":"","background-media":"","overlay-type":"","overlay-color":"","overlay-opacity":"","overlay-gradient":""},"mobile":{"background-color":"","background-image":"","background-repeat":"repeat","background-position":"center center","background-size":"auto","background-attachment":"scroll","background-type":"","background-media":"","overlay-type":"","overlay-color":"","overlay-opacity":"","overlay-gradient":""}},"ast-content-background-meta":{"desktop":{"background-color":"var(--ast-global-color-4)","background-image":"","background-repeat":"repeat","background-position":"center center","background-size":"auto","background-attachment":"scroll","background-type":"","background-media":"","overlay-type":"","overlay-color":"","overlay-opacity":"","overlay-gradient":""},"tablet":{"background-color":"var(--ast-global-color-4)","background-image":"","background-repeat":"repeat","background-position":"center center","background-size":"auto","background-attachment":"scroll","background-type":"","background-media":"","overlay-type":"","overlay-color":"","overlay-opacity":"","overlay-gradient":""},"mobile":{"background-color":"var(--ast-global-color-4)","background-image":"","background-repeat":"repeat","background-position":"center center","background-size":"auto","background-attachment":"scroll","background-type":"","background-media":"","overlay-type":"","overlay-color":"","overlay-opacity":"","overlay-gradient":""}}},"product_brand":[25],"product_cat":[24],"product_tag":[],"class_list":{"0":"post-36","1":"product","2":"type-product","3":"status-publish","4":"has-post-thumbnail","6":"product_brand-pearl","7":"product_cat-drums","8":"desktop-align-left","9":"tablet-align-left","10":"mobile-align-left","12":"first","13":"instock","14":"taxable","15":"shipping-taxable","16":"purchasable","17":"product-type-simple"},"yoast_head":"<!-- This site is optimized with the Yoast SEO plugin v27.3 - https:\/\/yoast.com\/product\/yoast-seo-wordpress\/ -->\n<title>Pearl Drum Kit Canada - Buy Online - Melodika Music Store<\/title>\n<meta name=\"description\" content=\"Pearl Drum Kit Canada - Buy online at Melodika Music Store - Pearl Export Series Drum Kit is a product found in our store at Melodika Music Store. Buy today\" \/>\n<meta name=\"robots\" content=\"index, follow, max-snippet:-1, max-image-preview:large, max-video-preview:-1\" \/>\n<link rel=\"canonical\" href=\"https:\/\/melodika.ca\/fr\/produit\/pearl-drum-kit-canada\/\" \/>\n<meta property=\"og:locale\" content=\"fr_CA\" \/>\n<meta property=\"og:type\" content=\"article\" \/>\n<meta property=\"og:title\" content=\"Pearl Drum Kit Canada - Buy Online - Melodika Music Store\" \/>\n<meta property=\"og:description\" content=\"Pearl Drum Kit Canada - Buy online at Melodika Music Store - Pearl Export Series Drum Kit is a product found in our store at Melodika Music Store. Buy today\" \/>\n<meta property=\"og:url\" content=\"https:\/\/melodika.ca\/fr\/produit\/pearl-drum-kit-canada\/\" \/>\n<meta property=\"og:site_name\" content=\"Melodika Music Store\" \/>\n<meta property=\"article:modified_time\" content=\"2026-03-25T17:06:30+00:00\" \/>\n<meta property=\"og:image\" content=\"https:\/\/melodika.ca\/wp-content\/uploads\/2026\/03\/pearl-drum.jpg\" \/>\n\t<meta property=\"og:image:width\" content=\"1024\" \/>\n\t<meta property=\"og:image:height\" content=\"885\" \/>\n\t<meta property=\"og:image:type\" content=\"image\/jpeg\" \/>\n<meta name=\"twitter:card\" content=\"summary_large_image\" \/>\n<meta name=\"twitter:label1\" content=\"Estimation du temps de lecture\" \/>\n\t<meta name=\"twitter:data1\" content=\"1 minute\" \/>\n<script type=\"application\/ld+json\" class=\"yoast-schema-graph\">{\"@context\":\"https:\\\/\\\/schema.org\",\"@graph\":[{\"@type\":[\"WebPage\",\"ItemPage\"],\"@id\":\"https:\\\/\\\/melodika.ca\\\/product\\\/pearl-drum-kit-canada\\\/\",\"url\":\"https:\\\/\\\/melodika.ca\\\/product\\\/pearl-drum-kit-canada\\\/\",\"name\":\"Pearl Drum Kit Canada - Buy Online - Melodika Music Store\",\"isPartOf\":{\"@id\":\"https:\\\/\\\/melodika.ca\\\/#website\"},\"primaryImageOfPage\":{\"@id\":\"https:\\\/\\\/melodika.ca\\\/product\\\/pearl-drum-kit-canada\\\/#primaryimage\"},\"image\":{\"@id\":\"https:\\\/\\\/melodika.ca\\\/product\\\/pearl-drum-kit-canada\\\/#primaryimage\"},\"thumbnailUrl\":\"https:\\\/\\\/melodika.ca\\\/wp-content\\\/uploads\\\/2026\\\/03\\\/pearl-drum.jpg\",\"datePublished\":\"2026-03-17T20:59:39+00:00\",\"dateModified\":\"2026-03-25T17:06:30+00:00\",\"description\":\"Pearl Drum Kit Canada - Buy online at Melodika Music Store - Pearl Export Series Drum Kit is a product found in our store at Melodika Music Store. Buy today\",\"breadcrumb\":{\"@id\":\"https:\\\/\\\/melodika.ca\\\/product\\\/pearl-drum-kit-canada\\\/#breadcrumb\"},\"inLanguage\":\"fr-CA\",\"potentialAction\":[{\"@type\":\"ReadAction\",\"target\":[\"https:\\\/\\\/melodika.ca\\\/product\\\/pearl-drum-kit-canada\\\/\"]}]},{\"@type\":\"ImageObject\",\"inLanguage\":\"fr-CA\",\"@id\":\"https:\\\/\\\/melodika.ca\\\/product\\\/pearl-drum-kit-canada\\\/#primaryimage\",\"url\":\"https:\\\/\\\/melodika.ca\\\/wp-content\\\/uploads\\\/2026\\\/03\\\/pearl-drum.jpg\",\"contentUrl\":\"https:\\\/\\\/melodika.ca\\\/wp-content\\\/uploads\\\/2026\\\/03\\\/pearl-drum.jpg\",\"width\":1024,\"height\":885,\"caption\":\"Pearl Drum Kit Canada\"},{\"@type\":\"BreadcrumbList\",\"@id\":\"https:\\\/\\\/melodika.ca\\\/product\\\/pearl-drum-kit-canada\\\/#breadcrumb\",\"itemListElement\":[{\"@type\":\"ListItem\",\"position\":1,\"name\":\"Home\",\"item\":\"https:\\\/\\\/melodika.ca\\\/\"},{\"@type\":\"ListItem\",\"position\":2,\"name\":\"Shop\",\"item\":\"https:\\\/\\\/melodika.ca\\\/shop\\\/\"},{\"@type\":\"ListItem\",\"position\":3,\"name\":\"Pearl Export Series Drum Kit\"}]},{\"@type\":\"WebSite\",\"@id\":\"https:\\\/\\\/melodika.ca\\\/#website\",\"url\":\"https:\\\/\\\/melodika.ca\\\/\",\"name\":\"melodika\",\"description\":\"Just another WordPress site\",\"potentialAction\":[{\"@type\":\"SearchAction\",\"target\":{\"@type\":\"EntryPoint\",\"urlTemplate\":\"https:\\\/\\\/melodika.ca\\\/?s={search_term_string}\"},\"query-input\":{\"@type\":\"PropertyValueSpecification\",\"valueRequired\":true,\"valueName\":\"search_term_string\"}}],\"inLanguage\":\"fr-CA\"}]}<\/script>\n<!-- \/ Yoast SEO plugin. -->","yoast_head_json":{"title":"Pearl Drum Kit Canada - Buy Online - Melodika Music Store","description":"Pearl Drum Kit Canada - Buy online at Melodika Music Store - Pearl Export Series Drum Kit is a product found in our store at Melodika Music Store. Buy today","robots":{"index":"index","follow":"follow","max-snippet":"max-snippet:-1","max-image-preview":"max-image-preview:large","max-video-preview":"max-video-preview:-1"},"canonical":"https:\/\/melodika.ca\/fr\/produit\/pearl-drum-kit-canada\/","og_locale":"fr_CA","og_type":"article","og_title":"Pearl Drum Kit Canada - Buy Online - Melodika Music Store","og_description":"Pearl Drum Kit Canada - Buy online at Melodika Music Store - Pearl Export Series Drum Kit is a product found in our store at Melodika Music Store. Buy today","og_url":"https:\/\/melodika.ca\/fr\/produit\/pearl-drum-kit-canada\/","og_site_name":"Melodika Music Store","article_modified_time":"2026-03-25T17:06:30+00:00","og_image":[{"width":1024,"height":885,"url":"https:\/\/melodika.ca\/wp-content\/uploads\/2026\/03\/pearl-drum.jpg","type":"image\/jpeg"}],"twitter_card":"summary_large_image","twitter_misc":{"Estimation du temps de lecture":"1 minute"},"schema":{"@context":"https:\/\/schema.org","@graph":[{"@type":["WebPage","ItemPage"],"@id":"https:\/\/melodika.ca\/product\/pearl-drum-kit-canada\/","url":"https:\/\/melodika.ca\/product\/pearl-drum-kit-canada\/","name":"Pearl Drum Kit Canada - Buy Online - Melodika Music Store","isPartOf":{"@id":"https:\/\/melodika.ca\/#website"},"primaryImageOfPage":{"@id":"https:\/\/melodika.ca\/product\/pearl-drum-kit-canada\/#primaryimage"},"image":{"@id":"https:\/\/melodika.ca\/product\/pearl-drum-kit-canada\/#primaryimage"},"thumbnailUrl":"https:\/\/melodika.ca\/wp-content\/uploads\/2026\/03\/pearl-drum.jpg","datePublished":"2026-03-17T20:59:39+00:00","dateModified":"2026-03-25T17:06:30+00:00","description":"Pearl Drum Kit Canada - Buy online at Melodika Music Store - Pearl Export Series Drum Kit is a product found in our store at Melodika Music Store. Buy today","breadcrumb":{"@id":"https:\/\/melodika.ca\/product\/pearl-drum-kit-canada\/#breadcrumb"},"inLanguage":"fr-CA","potentialAction":[{"@type":"ReadAction","target":["https:\/\/melodika.ca\/product\/pearl-drum-kit-canada\/"]}]},{"@type":"ImageObject","inLanguage":"fr-CA","@id":"https:\/\/melodika.ca\/product\/pearl-drum-kit-canada\/#primaryimage","url":"https:\/\/melodika.ca\/wp-content\/uploads\/2026\/03\/pearl-drum.jpg","contentUrl":"https:\/\/melodika.ca\/wp-content\/uploads\/2026\/03\/pearl-drum.jpg","width":1024,"height":885,"caption":"Pearl Drum Kit Canada"},{"@type":"BreadcrumbList","@id":"https:\/\/melodika.ca\/product\/pearl-drum-kit-canada\/#breadcrumb","itemListElement":[{"@type":"ListItem","position":1,"name":"Home","item":"https:\/\/melodika.ca\/"},{"@type":"ListItem","position":2,"name":"Shop","item":"https:\/\/melodika.ca\/shop\/"},{"@type":"ListItem","position":3,"name":"Pearl Export Series Drum Kit"}]},{"@type":"WebSite","@id":"https:\/\/melodika.ca\/#website","url":"https:\/\/melodika.ca\/","name":"melodika","description":"Just another WordPress site","potentialAction":[{"@type":"SearchAction","target":{"@type":"EntryPoint","urlTemplate":"https:\/\/melodika.ca\/?s={search_term_string}"},"query-input":{"@type":"PropertyValueSpecification","valueRequired":true,"valueName":"search_term_string"}}],"inLanguage":"fr-CA"}]}},"jetpack_sharing_enabled":true,"_links":{"self":[{"href":"https:\/\/melodika.ca\/fr\/wp-json\/wp\/v2\/product\/36","targetHints":{"allow":["GET"]}}],"collection":[{"href":"https:\/\/melodika.ca\/fr\/wp-json\/wp\/v2\/product"}],"about":[{"href":"https:\/\/melodika.ca\/fr\/wp-json\/wp\/v2\/types\/product"}],"replies":[{"embeddable":true,"href":"https:\/\/melodika.ca\/fr\/wp-json\/wp\/v2\/comments?post=36"}],"wp:featuredmedia":[{"embeddable":true,"href":"https:\/\/melodika.ca\/fr\/wp-json\/wp\/v2\/media\/57"}],"wp:attachment":[{"href":"https:\/\/melodika.ca\/fr\/wp-json\/wp\/v2\/media?parent=36"}],"wp:term":[{"taxonomy":"product_brand","embeddable":true,"href":"https:\/\/melodika.ca\/fr\/wp-json\/wp\/v2\/product_brand?post=36"},{"taxonomy":"product_cat","embeddable":true,"href":"https:\/\/melodika.ca\/fr\/wp-json\/wp\/v2\/product_cat?post=36"},{"taxonomy":"product_tag","embeddable":true,"href":"https:\/\/melodika.ca\/fr\/wp-json\/wp\/v2\/product_tag?post=36"}],"curies":[{"name":"wp","href":"https:\/\/api.w.org\/{rel}","templated":true}]}}