{"id":40,"date":"2026-03-17T20:59:39","date_gmt":"2026-03-17T20:59:39","guid":{"rendered":"https:\/\/melodika.ca\/?post_type=product&#038;p=40"},"modified":"2026-03-25T17:02:09","modified_gmt":"2026-03-25T17:02:09","slug":"guitar-starter-pack-canada","status":"publish","type":"product","link":"https:\/\/melodika.ca\/fr\/produit\/guitar-starter-pack-canada\/","title":{"rendered":"Guitar Starter Pack"},"content":{"rendered":"<p data-start=\"2721\" data-end=\"2835\">Le pack de d\u00e9marrage pour guitare Canada est le kit id\u00e9al pour les guitaristes d\u00e9butants. Il comprend les accessoires essentiels comme des cordes, un accordeur, un capodastre et un c\u00e2ble, vous permettant de jouer imm\u00e9diatement.<\/p>","protected":false},"excerpt":{"rendered":"<p>Guitar Starter Pack Canada is the perfect kit for beginner guitarists. It includes essential accessories like strings, a tuner, capo, [&hellip;]<\/p>\n","protected":false},"featured_media":43,"comment_status":"open","ping_status":"closed","template":"","meta":{"site-sidebar-layout":"default","site-content-layout":"","ast-site-content-layout":"default","site-content-style":"default","site-sidebar-style":"default","ast-global-header-display":"","ast-banner-title-visibility":"","ast-main-header-display":"","ast-hfb-above-header-display":"","ast-hfb-below-header-display":"","ast-hfb-mobile-header-display":"","site-post-title":"","ast-breadcrumbs-content":"","ast-featured-img":"","footer-sml-layout":"","ast-disable-related-posts":"","theme-transparent-header-meta":"default","adv-header-id-meta":"","stick-header-meta":"","header-above-stick-meta":"","header-main-stick-meta":"","header-below-stick-meta":"","astra-migrate-meta-layouts":"set","ast-page-background-enabled":"default","ast-page-background-meta":{"desktop":{"background-color":"var(--ast-global-color-5)","background-image":"","background-repeat":"repeat","background-position":"center center","background-size":"auto","background-attachment":"scroll","background-type":"","background-media":"","overlay-type":"","overlay-color":"","overlay-opacity":"","overlay-gradient":""},"tablet":{"background-color":"","background-image":"","background-repeat":"repeat","background-position":"center center","background-size":"auto","background-attachment":"scroll","background-type":"","background-media":"","overlay-type":"","overlay-color":"","overlay-opacity":"","overlay-gradient":""},"mobile":{"background-color":"","background-image":"","background-repeat":"repeat","background-position":"center center","background-size":"auto","background-attachment":"scroll","background-type":"","background-media":"","overlay-type":"","overlay-color":"","overlay-opacity":"","overlay-gradient":""}},"ast-content-background-meta":{"desktop":{"background-color":"var(--ast-global-color-4)","background-image":"","background-repeat":"repeat","background-position":"center center","background-size":"auto","background-attachment":"scroll","background-type":"","background-media":"","overlay-type":"","overlay-color":"","overlay-opacity":"","overlay-gradient":""},"tablet":{"background-color":"var(--ast-global-color-4)","background-image":"","background-repeat":"repeat","background-position":"center center","background-size":"auto","background-attachment":"scroll","background-type":"","background-media":"","overlay-type":"","overlay-color":"","overlay-opacity":"","overlay-gradient":""},"mobile":{"background-color":"var(--ast-global-color-4)","background-image":"","background-repeat":"repeat","background-position":"center center","background-size":"auto","background-attachment":"scroll","background-type":"","background-media":"","overlay-type":"","overlay-color":"","overlay-opacity":"","overlay-gradient":""}}},"product_brand":[23],"product_cat":[27,18],"product_tag":[],"class_list":{"0":"post-40","1":"product","2":"type-product","3":"status-publish","4":"has-post-thumbnail","6":"product_brand-others","7":"product_cat-accessories","8":"product_cat-guitars","9":"desktop-align-left","10":"tablet-align-left","11":"mobile-align-left","13":"first","14":"instock","15":"taxable","16":"shipping-taxable","17":"purchasable","18":"product-type-simple"},"yoast_head":"<!-- This site is optimized with the Yoast SEO plugin v27.3 - https:\/\/yoast.com\/product\/yoast-seo-wordpress\/ -->\n<title>Guitar Starter Pack Canada - Buy Online - Melodika Music Store<\/title>\n<meta name=\"description\" content=\"Guitar Starter Pack Canada - Buy online at Melodika Music Store - Guitar Starter Pack is a product found in our store at Melodika Music Store. Buy it today!\" \/>\n<meta name=\"robots\" content=\"index, follow, max-snippet:-1, max-image-preview:large, max-video-preview:-1\" \/>\n<link rel=\"canonical\" href=\"https:\/\/melodika.ca\/fr\/produit\/guitar-starter-pack-canada\/\" \/>\n<meta property=\"og:locale\" content=\"fr_CA\" \/>\n<meta property=\"og:type\" content=\"article\" \/>\n<meta property=\"og:title\" content=\"Guitar Starter Pack Canada - Buy Online - Melodika Music Store\" \/>\n<meta property=\"og:description\" content=\"Guitar Starter Pack Canada - Buy online at Melodika Music Store - Guitar Starter Pack is a product found in our store at Melodika Music Store. Buy it today!\" \/>\n<meta property=\"og:url\" content=\"https:\/\/melodika.ca\/fr\/produit\/guitar-starter-pack-canada\/\" \/>\n<meta property=\"og:site_name\" content=\"Melodika Music Store\" \/>\n<meta property=\"article:modified_time\" content=\"2026-03-25T17:02:09+00:00\" \/>\n<meta property=\"og:image\" content=\"https:\/\/melodika.ca\/wp-content\/uploads\/2026\/03\/Starter.jpg\" \/>\n\t<meta property=\"og:image:width\" content=\"1549\" \/>\n\t<meta property=\"og:image:height\" content=\"1517\" \/>\n\t<meta property=\"og:image:type\" content=\"image\/jpeg\" \/>\n<meta name=\"twitter:card\" content=\"summary_large_image\" \/>\n<meta name=\"twitter:label1\" content=\"Estimation du temps de lecture\" \/>\n\t<meta name=\"twitter:data1\" content=\"1 minute\" \/>\n<script type=\"application\/ld+json\" class=\"yoast-schema-graph\">{\"@context\":\"https:\\\/\\\/schema.org\",\"@graph\":[{\"@type\":[\"WebPage\",\"ItemPage\"],\"@id\":\"https:\\\/\\\/melodika.ca\\\/product\\\/guitar-starter-pack-canada\\\/\",\"url\":\"https:\\\/\\\/melodika.ca\\\/product\\\/guitar-starter-pack-canada\\\/\",\"name\":\"Guitar Starter Pack Canada - Buy Online - Melodika Music Store\",\"isPartOf\":{\"@id\":\"https:\\\/\\\/melodika.ca\\\/#website\"},\"primaryImageOfPage\":{\"@id\":\"https:\\\/\\\/melodika.ca\\\/product\\\/guitar-starter-pack-canada\\\/#primaryimage\"},\"image\":{\"@id\":\"https:\\\/\\\/melodika.ca\\\/product\\\/guitar-starter-pack-canada\\\/#primaryimage\"},\"thumbnailUrl\":\"https:\\\/\\\/melodika.ca\\\/wp-content\\\/uploads\\\/2026\\\/03\\\/Starter.jpg\",\"datePublished\":\"2026-03-17T20:59:39+00:00\",\"dateModified\":\"2026-03-25T17:02:09+00:00\",\"description\":\"Guitar Starter Pack Canada - Buy online at Melodika Music Store - Guitar Starter Pack is a product found in our store at Melodika Music Store. Buy it today!\",\"breadcrumb\":{\"@id\":\"https:\\\/\\\/melodika.ca\\\/product\\\/guitar-starter-pack-canada\\\/#breadcrumb\"},\"inLanguage\":\"fr-CA\",\"potentialAction\":[{\"@type\":\"ReadAction\",\"target\":[\"https:\\\/\\\/melodika.ca\\\/product\\\/guitar-starter-pack-canada\\\/\"]}]},{\"@type\":\"ImageObject\",\"inLanguage\":\"fr-CA\",\"@id\":\"https:\\\/\\\/melodika.ca\\\/product\\\/guitar-starter-pack-canada\\\/#primaryimage\",\"url\":\"https:\\\/\\\/melodika.ca\\\/wp-content\\\/uploads\\\/2026\\\/03\\\/Starter.jpg\",\"contentUrl\":\"https:\\\/\\\/melodika.ca\\\/wp-content\\\/uploads\\\/2026\\\/03\\\/Starter.jpg\",\"width\":1549,\"height\":1517,\"caption\":\"Guitar Starter Pack Canada\"},{\"@type\":\"BreadcrumbList\",\"@id\":\"https:\\\/\\\/melodika.ca\\\/product\\\/guitar-starter-pack-canada\\\/#breadcrumb\",\"itemListElement\":[{\"@type\":\"ListItem\",\"position\":1,\"name\":\"Home\",\"item\":\"https:\\\/\\\/melodika.ca\\\/\"},{\"@type\":\"ListItem\",\"position\":2,\"name\":\"Shop\",\"item\":\"https:\\\/\\\/melodika.ca\\\/shop\\\/\"},{\"@type\":\"ListItem\",\"position\":3,\"name\":\"Guitar Starter Pack\"}]},{\"@type\":\"WebSite\",\"@id\":\"https:\\\/\\\/melodika.ca\\\/#website\",\"url\":\"https:\\\/\\\/melodika.ca\\\/\",\"name\":\"melodika\",\"description\":\"Just another WordPress site\",\"potentialAction\":[{\"@type\":\"SearchAction\",\"target\":{\"@type\":\"EntryPoint\",\"urlTemplate\":\"https:\\\/\\\/melodika.ca\\\/?s={search_term_string}\"},\"query-input\":{\"@type\":\"PropertyValueSpecification\",\"valueRequired\":true,\"valueName\":\"search_term_string\"}}],\"inLanguage\":\"fr-CA\"}]}<\/script>\n<!-- \/ Yoast SEO plugin. -->","yoast_head_json":{"title":"Guitar Starter Pack Canada - Buy Online - Melodika Music Store","description":"Guitar Starter Pack Canada - Buy online at Melodika Music Store - Guitar Starter Pack is a product found in our store at Melodika Music Store. Buy it today!","robots":{"index":"index","follow":"follow","max-snippet":"max-snippet:-1","max-image-preview":"max-image-preview:large","max-video-preview":"max-video-preview:-1"},"canonical":"https:\/\/melodika.ca\/fr\/produit\/guitar-starter-pack-canada\/","og_locale":"fr_CA","og_type":"article","og_title":"Guitar Starter Pack Canada - Buy Online - Melodika Music Store","og_description":"Guitar Starter Pack Canada - Buy online at Melodika Music Store - Guitar Starter Pack is a product found in our store at Melodika Music Store. Buy it today!","og_url":"https:\/\/melodika.ca\/fr\/produit\/guitar-starter-pack-canada\/","og_site_name":"Melodika Music Store","article_modified_time":"2026-03-25T17:02:09+00:00","og_image":[{"width":1549,"height":1517,"url":"https:\/\/melodika.ca\/wp-content\/uploads\/2026\/03\/Starter.jpg","type":"image\/jpeg"}],"twitter_card":"summary_large_image","twitter_misc":{"Estimation du temps de lecture":"1 minute"},"schema":{"@context":"https:\/\/schema.org","@graph":[{"@type":["WebPage","ItemPage"],"@id":"https:\/\/melodika.ca\/product\/guitar-starter-pack-canada\/","url":"https:\/\/melodika.ca\/product\/guitar-starter-pack-canada\/","name":"Guitar Starter Pack Canada - Buy Online - Melodika Music Store","isPartOf":{"@id":"https:\/\/melodika.ca\/#website"},"primaryImageOfPage":{"@id":"https:\/\/melodika.ca\/product\/guitar-starter-pack-canada\/#primaryimage"},"image":{"@id":"https:\/\/melodika.ca\/product\/guitar-starter-pack-canada\/#primaryimage"},"thumbnailUrl":"https:\/\/melodika.ca\/wp-content\/uploads\/2026\/03\/Starter.jpg","datePublished":"2026-03-17T20:59:39+00:00","dateModified":"2026-03-25T17:02:09+00:00","description":"Guitar Starter Pack Canada - Buy online at Melodika Music Store - Guitar Starter Pack is a product found in our store at Melodika Music Store. Buy it today!","breadcrumb":{"@id":"https:\/\/melodika.ca\/product\/guitar-starter-pack-canada\/#breadcrumb"},"inLanguage":"fr-CA","potentialAction":[{"@type":"ReadAction","target":["https:\/\/melodika.ca\/product\/guitar-starter-pack-canada\/"]}]},{"@type":"ImageObject","inLanguage":"fr-CA","@id":"https:\/\/melodika.ca\/product\/guitar-starter-pack-canada\/#primaryimage","url":"https:\/\/melodika.ca\/wp-content\/uploads\/2026\/03\/Starter.jpg","contentUrl":"https:\/\/melodika.ca\/wp-content\/uploads\/2026\/03\/Starter.jpg","width":1549,"height":1517,"caption":"Guitar Starter Pack Canada"},{"@type":"BreadcrumbList","@id":"https:\/\/melodika.ca\/product\/guitar-starter-pack-canada\/#breadcrumb","itemListElement":[{"@type":"ListItem","position":1,"name":"Home","item":"https:\/\/melodika.ca\/"},{"@type":"ListItem","position":2,"name":"Shop","item":"https:\/\/melodika.ca\/shop\/"},{"@type":"ListItem","position":3,"name":"Guitar Starter Pack"}]},{"@type":"WebSite","@id":"https:\/\/melodika.ca\/#website","url":"https:\/\/melodika.ca\/","name":"melodika","description":"Just another WordPress site","potentialAction":[{"@type":"SearchAction","target":{"@type":"EntryPoint","urlTemplate":"https:\/\/melodika.ca\/?s={search_term_string}"},"query-input":{"@type":"PropertyValueSpecification","valueRequired":true,"valueName":"search_term_string"}}],"inLanguage":"fr-CA"}]}},"jetpack_sharing_enabled":true,"_links":{"self":[{"href":"https:\/\/melodika.ca\/fr\/wp-json\/wp\/v2\/product\/40","targetHints":{"allow":["GET"]}}],"collection":[{"href":"https:\/\/melodika.ca\/fr\/wp-json\/wp\/v2\/product"}],"about":[{"href":"https:\/\/melodika.ca\/fr\/wp-json\/wp\/v2\/types\/product"}],"replies":[{"embeddable":true,"href":"https:\/\/melodika.ca\/fr\/wp-json\/wp\/v2\/comments?post=40"}],"wp:featuredmedia":[{"embeddable":true,"href":"https:\/\/melodika.ca\/fr\/wp-json\/wp\/v2\/media\/43"}],"wp:attachment":[{"href":"https:\/\/melodika.ca\/fr\/wp-json\/wp\/v2\/media?parent=40"}],"wp:term":[{"taxonomy":"product_brand","embeddable":true,"href":"https:\/\/melodika.ca\/fr\/wp-json\/wp\/v2\/product_brand?post=40"},{"taxonomy":"product_cat","embeddable":true,"href":"https:\/\/melodika.ca\/fr\/wp-json\/wp\/v2\/product_cat?post=40"},{"taxonomy":"product_tag","embeddable":true,"href":"https:\/\/melodika.ca\/fr\/wp-json\/wp\/v2\/product_tag?post=40"}],"curies":[{"name":"wp","href":"https:\/\/api.w.org\/{rel}","templated":true}]}}